{"id":268,"date":"2015-12-23T09:54:21","date_gmt":"2015-12-23T09:54:21","guid":{"rendered":"http:\/\/clickennetbeta.com\/ongmisol2\/ca\/contacto\/"},"modified":"2016-06-17T09:36:17","modified_gmt":"2016-06-17T07:36:17","slug":"contacte","status":"publish","type":"page","link":"https:\/\/www.misolfranciscanas.org\/ca\/contacte\/","title":{"rendered":"Contacte"},"content":{"rendered":"\n<div class=\"wpcf7 no-js\" id=\"wpcf7-f270-o1\" lang=\"es-ES\" dir=\"ltr\" data-wpcf7-id=\"270\">\n<div class=\"screen-reader-response\"><p role=\"status\" aria-live=\"polite\" aria-atomic=\"true\"><\/p> <ul><\/ul><\/div>\n<form action=\"\/ca\/wp-json\/wp\/v2\/pages\/268\/#wpcf7-f270-o1\" method=\"post\" class=\"wpcf7-form init\" aria-label=\"Formulario de contacto\" novalidate=\"novalidate\" data-status=\"init\">\n<div style=\"display: none;\">\n<input type=\"hidden\" name=\"_wpcf7\" value=\"270\" \/>\n<input type=\"hidden\" name=\"_wpcf7_version\" value=\"6.0.4\" \/>\n<input type=\"hidden\" name=\"_wpcf7_locale\" value=\"es_ES\" \/>\n<input type=\"hidden\" name=\"_wpcf7_unit_tag\" value=\"wpcf7-f270-o1\" \/>\n<input type=\"hidden\" name=\"_wpcf7_container_post\" value=\"0\" \/>\n<input type=\"hidden\" name=\"_wpcf7_posted_data_hash\" value=\"\" \/>\n<input type=\"hidden\" name=\"_wpcf7_recaptcha_response\" value=\"\" \/>\n<\/div>\n<p>Nom (requerit)\n<\/p>\n<p><span class=\"wpcf7-form-control-wrap\" data-name=\"your-name\"><input size=\"40\" maxlength=\"400\" class=\"wpcf7-form-control wpcf7-text wpcf7-validates-as-required\" aria-required=\"true\" aria-invalid=\"false\" value=\"\" type=\"text\" name=\"your-name\" \/><\/span>\n<\/p>\n<p>Email (requerit)\n<\/p>\n<p><span class=\"wpcf7-form-control-wrap\" data-name=\"your-email\"><input size=\"40\" maxlength=\"400\" class=\"wpcf7-form-control wpcf7-email wpcf7-validates-as-required wpcf7-text wpcf7-validates-as-email\" aria-required=\"true\" aria-invalid=\"false\" value=\"\" type=\"email\" name=\"your-email\" \/><\/span>\n<\/p>\n<p>Tel\u00e8fon (requerit)\n<\/p>\n<p><span class=\"wpcf7-form-control-wrap\" data-name=\"tel-332\"><input size=\"40\" maxlength=\"400\" class=\"wpcf7-form-control wpcf7-tel wpcf7-validates-as-required wpcf7-text wpcf7-validates-as-tel\" aria-required=\"true\" aria-invalid=\"false\" value=\"\" type=\"tel\" name=\"tel-332\" \/><\/span>\n<\/p>\n<p>Assumpte\n<\/p>\n<p><span class=\"wpcf7-form-control-wrap\" data-name=\"your-subject\"><input size=\"40\" maxlength=\"400\" class=\"wpcf7-form-control wpcf7-text\" aria-invalid=\"false\" value=\"\" type=\"text\" name=\"your-subject\" \/><\/span>\n<\/p>\n<p>Missatge\n<\/p>\n<p><span class=\"wpcf7-form-control-wrap\" data-name=\"your-message\"><textarea cols=\"40\" rows=\"10\" maxlength=\"2000\" class=\"wpcf7-form-control wpcf7-textarea\" aria-invalid=\"false\" name=\"your-message\"><\/textarea><\/span>\n<\/p>\n<p style=\"font-size:12px !important\"><br \/>\nQuan ens envies un missatge acceptes que Asociaci\u00f3n Misericordia y Solidadridad (MISOL) recopila i tracta les teves dades personals segons el que estableix la nostra <a href=\"http:\/\/www.misolfranciscanas.org\/politica-de-privacidad\/\">Pol\u00edtica de privacitat<\/a>. Recollim les dades per respondre la teva consulta, sent la base legal el teu consentiment. Pots contactar-nos i exercir els teus drets d'acc\u00e9s, rectificaci\u00f3, supressi\u00f3, limitaci\u00f3 del tractament, oposici\u00f3 i portabilitat segons la nostra <a href=\"http:\/\/www.misolfranciscanas.org\/politica-de-privacidad\/\">Pol\u00edtica de privacitat<\/a>.\n<\/p>\n<p><span class=\"wpcf7-form-control-wrap\" data-name=\"checkbox-privacidad\"><span class=\"wpcf7-form-control wpcf7-checkbox\"><span class=\"wpcf7-list-item first last\"><input type=\"checkbox\" name=\"checkbox-privacidad[]\" value=\"Estic d&#039;acord amb l&#039;enviament de comunicacions comercials per part de Asociaci\u00f3n Misericordia y Solidadridad (MISOL).\" \/><span class=\"wpcf7-list-item-label\">Estic d&#039;acord amb l&#039;enviament de comunicacions comercials per part de Asociaci\u00f3n Misericordia y Solidadridad (MISOL).<\/span><\/span><\/span><\/span>\n<\/p>\n\n<p><input class=\"wpcf7-form-control wpcf7-submit has-spinner\" type=\"submit\" value=\"Enviar\" \/>\n<\/p><div class=\"wpcf7-response-output\" aria-hidden=\"true\"><\/div>\n<\/form>\n<\/div>\n\n","protected":false},"excerpt":{"rendered":"","protected":false},"author":4,"featured_media":0,"parent":0,"menu_order":0,"comment_status":"closed","ping_status":"closed","template":"","meta":{"_acf_changed":false,"_genesis_hide_title":false,"_genesis_hide_breadcrumbs":false,"_genesis_hide_singular_image":false,"_genesis_hide_footer_widgets":false,"_genesis_custom_body_class":"","_genesis_custom_post_class":"","_genesis_layout":"content-sidebar","footnotes":""},"class_list":{"0":"post-268","1":"page","2":"type-page","3":"status-publish","5":"entry"},"acf":[],"_links":{"self":[{"href":"https:\/\/www.misolfranciscanas.org\/ca\/wp-json\/wp\/v2\/pages\/268\/"}],"collection":[{"href":"https:\/\/www.misolfranciscanas.org\/ca\/wp-json\/wp\/v2\/pages\/"}],"about":[{"href":"https:\/\/www.misolfranciscanas.org\/ca\/wp-json\/wp\/v2\/types\/page\/"}],"author":[{"embeddable":true,"href":"https:\/\/www.misolfranciscanas.org\/ca\/wp-json\/wp\/v2\/users\/4\/"}],"replies":[{"embeddable":true,"href":"https:\/\/www.misolfranciscanas.org\/ca\/wp-json\/wp\/v2\/comments\/?post=268"}],"version-history":[{"count":0,"href":"https:\/\/www.misolfranciscanas.org\/ca\/wp-json\/wp\/v2\/pages\/268\/revisions\/"}],"wp:attachment":[{"href":"https:\/\/www.misolfranciscanas.org\/ca\/wp-json\/wp\/v2\/media\/?parent=268"}],"curies":[{"name":"wp","href":"https:\/\/api.w.org\/{rel}","templated":true}]}}