{"id":259,"date":"2015-12-23T12:51:01","date_gmt":"2015-12-23T12:51:01","guid":{"rendered":"http:\/\/clickennetbeta.com\/ongmisol2\/ca\/politica-de-privacidad\/"},"modified":"2018-05-29T13:26:06","modified_gmt":"2018-05-29T11:26:06","slug":"politica-de-privacitat","status":"publish","type":"page","link":"https:\/\/www.misolfranciscanas.org\/ca\/politica-de-privacitat\/","title":{"rendered":"Pol\u00edtica de privacitat i cookies"},"content":{"rendered":"<p><strong>1.- Titularidad y descripci\u00f3n<\/strong><\/p>\n<p><strong>1.1.- Titularidad<\/strong><\/p>\n<p>Este sitio es propiedad y est\u00e1 operado por Asociaci\u00f3n Misericordia y Solidadridad (MISOL), con domicilio social en C\/ Del N\u00e9ctar, 18 \u2013 28022 Madrid, Espa\u00f1a.<\/p>\n<p>NIF: G-86306016<\/p>\n<p>Correo electr\u00f3nico: \u00a0<a href=\"mailto:info@ongmisol.org\">info@ongmisol.org<\/a><\/p>\n<p><strong>1.2.- Descripci\u00f3n<\/strong><\/p>\n<p>Esta Pol\u00edtica de Privacidad y Cookies regula la recopilaci\u00f3n, tratamiento y uso de tu informaci\u00f3n personal y no personal como Usuario del Servicio, a partir de la fecha de entrada en vigor que aparece en el encabezado.<\/p>\n<p>El Servicio no vende a terceros tu informaci\u00f3n personal y siempre te pedir\u00e1 consentimiento antes de utilizar tus datos para cualquier fin distinto de los que se describen en esta cl\u00e1usula.<\/p>\n<p>Para tratar tus datos personales el Servicio cumple con la legislaci\u00f3n vigente, local y europea, as\u00ed como su normativa de desarrollo.<\/p>\n<p>Por ello adopta las medidas t\u00e9cnicas y organizativas necesarias para evitar la p\u00e9rdida, mal uso, alteraci\u00f3n, acceso no autorizado y robo de los datos personales facilitados. Siempre de acuerdo al estado de la tecnolog\u00eda, la naturaleza de los datos y los riesgos a los que est\u00e1n expuestos.<\/p>\n<p><strong>2.- Informaci\u00f3n recopilada<\/strong><\/p>\n<p>La informaci\u00f3n personal y no personal recogida por el Servicio cambiar\u00e1 en funci\u00f3n del uso que hagas de la p\u00e1gina web y sus caracter\u00edsticas.<\/p>\n<p>La informaci\u00f3n personal y no personal recopilada por el Servicio nos llegar\u00e1 por tres v\u00edas: <strong>1)<\/strong> la recopilada autom\u00e1ticamente <strong>2)<\/strong> la que nos proporciones voluntariamente y<strong> 3)<\/strong> la proporcionada por terceros.<\/p>\n<p><strong>2.1.- Datos recogidos autom\u00e1ticamente<\/strong><\/p>\n<p>Esta informaci\u00f3n consistir\u00e1 en:<\/p>\n<ul>\n<li>La recopilada mediante cookies o mecanismos similares almacenados en tu dispositivo, siempre con tu consentimiento. Consulta nuestra cl\u00e1usula sobre cookies para m\u00e1s informaci\u00f3n.<\/li>\n<li>La IP desde la que se realiza la conexi\u00f3n, el tipo de dispositivo usado y sus caracter\u00edsticas, la versi\u00f3n del sistema operativo, el tipo de navegador, el idioma, la fecha, el pa\u00eds, la hora de la solicitud, la URL de referencia o la red m\u00f3vil empleada, entre otros.<\/li>\n<li>Datos de uso del Servicio y posibles errores detectados durante su utilizaci\u00f3n, como p\u00e1ginas no encontradas o visualizaciones err\u00f3neas.<\/li>\n<\/ul>\n<p><strong>2.2.- Datos proporcionados voluntariamente<\/strong><\/p>\n<p>Esta informaci\u00f3n consistir\u00e1 en:<\/p>\n<ul>\n<li>La informaci\u00f3n contenida en los mensajes enviados a trav\u00e9s de los canales de contacto del Servicio o cuando te suscribas a nuestra newsletter. Por ejemplo tu email, alias o nombre, asunto o mensaje.<\/li>\n<\/ul>\n<p><strong>2.3.- Los proporcionados por terceros<\/strong><\/p>\n<p>Esta informaci\u00f3n consistir\u00e1 en:<\/p>\n<ul>\n<li>La proporcionada por redes sociales o servicios similares.<\/li>\n<\/ul>\n<p><strong>3.- Derechos<\/strong><\/p>\n<p>Te informamos que la cumplimentaci\u00f3n de los formularios tiene car\u00e1cter voluntario. Ahora bien, si no rellenas los campos obligatorios (marcados con un asterisco) el uso de algunas funciones del Servicio no ser\u00e1 posible o se ver\u00e1 limitado.<\/p>\n<p>Los datos personales que nos facilites quedan incorporados y ser\u00e1n tratados en los ficheros titularidad del Servicio, con el fin de poder atender tus peticiones, prestar el servicio solicitado y mantenerte informado sobre cuestiones relativas a la actividad de la empresa y sus servicios.<\/p>\n<p>Puedes ejercer en cualquier momento los derechos de acceso, rectificaci\u00f3n, supresi\u00f3n, limitaci\u00f3n de tu tratamiento, oposici\u00f3n y portabilidad de tus datos de car\u00e1cter personal mediante correo electr\u00f3nico dirigido a: \u00a0<a href=\"mailto:info@ongmisol.org\">info@ongmisol.org<\/a>\u00a0o la direcci\u00f3n postal: C\/ Del N\u00e9ctar, 18 \u2013 28022 Madrid, Espa\u00f1a.<\/p>\n<p>En ambos casos deber\u00e1s identificarte con tu nombre y apellidos, adem\u00e1s de una copia de tu DNI o ID nacional.<\/p>\n<p><a href=\"http:\/\/www.agpd.es\/portalwebAGPD\/CanalDelCiudadano\/derechos\/principales_derchos\/index-ides-idphp.php\">Aqu\u00ed<\/a> puedes encontrar los diferentes modelos para ejercer tales derechos.<\/p>\n<p>En el caso de que hayas otorgado el consentimiento para alguna finalidad espec\u00edfica, tienes derecho a retirar el consentimiento en cualquier momento, sin que ello afecte a la licitud del tratamiento basado en el consentimiento previo a su retirada.<\/p>\n<p>Adem\u00e1s, si como Usuario consideras que hay un problema con la forma en que el Servicio est\u00e1 manejando tus datos, puedes dirigir tus reclamaciones al DPD o la <a href=\"https:\/\/www.agpd.es\/portalwebAGPD\/enlaces\/index-ides-idphp.php\">autoridad de protecci\u00f3n de datos<\/a> que corresponda, siendo la <a href=\"https:\/\/www.agpd.es\/\">Agencia Espa\u00f1ola de Protecci\u00f3n de Datos<\/a> la indicada en el caso de Espa\u00f1a.<\/p>\n<p><strong>4- Uso de los Datos<\/strong><\/p>\n<p>Los datos proporcionados al Servicio ser\u00e1n usados para:<\/p>\n<ul>\n<li>Atender tus peticiones.<\/li>\n<li>Si lo has consentido, enviarte por email nuestra newsletter.<\/li>\n<\/ul>\n<p><strong>4.1.- En mails y formularios de contacto<\/strong><\/p>\n<p>La web de el Servicio Sitio cuenta con un cifrado SSL que permite usuario el env\u00edo seguro de sus datos personales a trav\u00e9s de formularios de contacto de tipo est\u00e1ndar.<\/p>\n<p>Los datos personales recogidos ser\u00e1n objeto de tratamiento automatizado e incorporados a los correspondientes ficheros del registro de actividad y de los que el Servicio es titular.<\/p>\n<p>En ese sentido:<\/p>\n<ul>\n<li>Nos llegar\u00e1 tu IP, que ser\u00e1 usada para comprobar el origen del mensaje con objeto de ofrecerte recomendaciones adecuadas (por ejemplo presentar la informaci\u00f3n en el idioma correcto) y para detectar posibles irregularidades (por ejemplo posibles intentos de ciberataque al Servicio), as\u00ed como datos relativos a tu ISP.<\/li>\n<li>Asimismo, podr\u00e1s facilitarnos tus datos a trav\u00e9s de tel\u00e9fono, correo electr\u00f3nico y otros medios de comunicaci\u00f3n indicados.<\/li>\n<\/ul>\n<p>Respecto a los medios de comunicaci\u00f3n usados:<\/p>\n<ul>\n<li>Nuestro prestador de servicios de correo electr\u00f3nico es <a href=\"mailto:info@ongmisol.org\">info@ongmisol.org<\/a><\/li>\n<\/ul>\n<p>Por otro lado, ciertos servicios prestados a trav\u00e9s del Sitio Web (por ejemplo, la posibilidad de participar en un concurso o sorteo) pueden contener condiciones particulares en materia de protecci\u00f3n de datos personales. Ser\u00e1 necesario aceptarlas antes de participar en esos servicios.<\/p>\n<p>Por \u00faltimo, y como ya se ha indicado, la finalidad del tratamiento de estos datos ser\u00e1 \u00fanicamente la de prestar la informaci\u00f3n o servicios solicitados.<\/p>\n<p><strong>4.2.- En redes sociales<\/strong><\/p>\n<p>El Servicio cuenta con perfiles en algunas de las principales redes sociales de Internet, reconoci\u00e9ndose responsable del tratamiento en relaci\u00f3n con los datos publicados en los mismos (por ejemplo, fotos subidas por el Servicio en las que aparecen caras de personas).<\/p>\n<p>El tratamiento que el Servicio llevar\u00e1 a cabo con los datos dentro de cada una de las referidas redes ser\u00e1, como m\u00e1ximo, el que la red social permita a los perfiles corporativos. As\u00ed pues, el Servicio podr\u00e1 informar, cuando la ley no lo proh\u00edba, a nuestros seguidores por cualquier v\u00eda que la red social permita sobre sus actividades u ofertas, as\u00ed como prestar un servicio personalizado de atenci\u00f3n al cliente.<\/p>\n<p>En ning\u00fan caso el Servicio extraer\u00e1 datos de las redes sociales, a menos que se obtuviera puntual y expresamente el consentimiento del usuario para ello.<\/p>\n<p>Cuando, debido a la propia naturaleza de las redes sociales, el ejercicio efectivo de los derechos de protecci\u00f3n de datos del seguidor quede supeditado a la modificaci\u00f3n del perfil personal de este, el Servicio te ayudar\u00e1 y aconsejar\u00e1 a tal fin en la medida de sus posibilidades.<\/p>\n<p><strong>4.3.- En sorteos<\/strong><\/p>\n<p>Al participar en acciones promocionales organizadas en exclusiva por el Servicio, los datos que ceda ser\u00e1n tratados \u00fanicamente por nosotros para el fin que se haya indicado en el enunciado de la acci\u00f3n.<\/p>\n<p><strong>4.4.- En ofertas de empleo<\/strong><\/p>\n<p>\u00danicamente ser\u00e1n valoradas por el Servicio las solicitudes de empleo o pr\u00e1cticas que el candidato remita a trav\u00e9s de los medios indicados en la p\u00e1gina de empleo o por los dispuestos en las \u00e1reas de empleo y pr\u00e1cticas en sitios web universitarios en los que el Servicio haya publicado una oferta concreta.<\/p>\n<p>El resto de solicitudes ser\u00e1n rechazadas.<\/p>\n<p>El aspirante autoriza al Servicio a analizar los documentos que le remita, todo el contenido que sea directamente accesible a trav\u00e9s de los buscadores, los perfiles que mantenga en redes sociales profesionales, los datos obtenidos en las pruebas de acceso y la informaci\u00f3n que revele en la entrevista de trabajo, con el objetivo de valorar su candidatura y poder, en su caso, ofrecerle un puesto.<\/p>\n<p>El Servicio podr\u00e1 usar los datos debidamente anonimizados para hacer estad\u00edsticas sobre el tipo de persona que se presenta como candidato, con la idea de publicar informes sobre ello.<\/p>\n<p><strong>5.- Conservaci\u00f3n de los datos<\/strong><\/p>\n<p>A continuaci\u00f3n se indican por cu\u00e1nto tiempo se conservan los datos tratados por el Servicio:<\/p>\n<ul>\n<li>Los datos desagregados ser\u00e1n conservados sin plazo de supresi\u00f3n.<\/li>\n<li>Los datos de los clientes ser\u00e1n conservados en funci\u00f3n del servicio contratado. En cualquier caso, ser\u00e1 el m\u00ednimo necesario, pudiendo mantenerse hasta:<\/li>\n<li>5 a\u00f1os, seg\u00fan el art. 1964 del C\u00f3digo Civil (acciones personales sin plazo especial).<\/li>\n<li>6 a\u00f1os, seg\u00fan el art. 30 del C\u00f3digo de Comercio (libros de contabilidad o factura, por ejemplo).<\/li>\n<li>Los datos de los suscriptores al newsletter ser\u00e1n conservados desde que el usuario se suscribe hasta que se da de baja.<\/li>\n<li>Los datos de usuarios subidos por el Servicio a p\u00e1ginas y perfiles en redes sociales se conservar\u00e1n desde que el usuario ofrece su consentimiento hasta que lo retira.<\/li>\n<li>Los datos de los candidatos a una oferta de empleo, si el candidato no fuera seleccionado, se conservar\u00e1n durante un m\u00e1ximo de dos a\u00f1os para incorporarlos a futuras convocatorias, a menos que el candidato se manifieste en contra.<\/li>\n<\/ul>\n<p><strong>6.- Cookies<\/strong><\/p>\n<p>Usamos cookies para proporcionarte el servicio y obtener estad\u00edsticas sobre el uso del sitio web.<\/p>\n<p><strong>6.1.- <\/strong><strong>\u00bfQu\u00e9 es una cookie y para qu\u00e9 sirve?<\/strong><\/p>\n<p>Una cookie es un fichero de texto que se env\u00eda al navegador web de tu ordenador, m\u00f3vil o tablet y que sirve para almacenar y recuperar informaci\u00f3n sobre la navegaci\u00f3n realizada. Por ejemplo, recordar tu nombre de usuario y contrase\u00f1a o las preferencias de tu perfil.<\/p>\n<p><strong>6.2.- \u00bfQu\u00e9 tipos de cookies hay?<\/strong><\/p>\n<p>Seg\u00fan qui\u00e9n las gestiona:<\/p>\n<ul>\n<li><u>Cookies propias<\/u>; se env\u00edan a tu navegador desde nuestros equipos o dominios web.<\/li>\n<li><u>Cookies de terceros<\/u>; se env\u00edan a tu navegador desde un equipo o dominio web que no gestionamos nosotros directamente, sino una tercera entidad como por ejemplo Google.<\/li>\n<\/ul>\n<p>En funci\u00f3n del tiempo que est\u00e1n activas, hay:<\/p>\n<ul>\n<li><u>Cookies de sesi\u00f3n;<\/u> permanecen en el archivo de cookies de tu navegador hasta que abandonas la p\u00e1gina web, de modo que ninguna queda en tu dispositivo.<\/li>\n<li><u>Cookies persistentes;<\/u> permanecen en tu dispositivo y nuestra web las lee cada vez que realizas una nueva visita. Estas cookies dejan de funcionar pasada una fecha concreta.<\/li>\n<\/ul>\n<p>Finalmente, y seg\u00fan su finalidad, tenemos:<\/p>\n<ul>\n<li><u>Cookies t\u00e9cnicas;<\/u> mejoran la navegaci\u00f3n y el buen funcionamiento de la web.<\/li>\n<li><u>Cookies de personalizaci\u00f3n;<\/u> permiten acceder al servicio con unas caracter\u00edsticas predefinidas en funci\u00f3n de una serie de criterios.<\/li>\n<li><u>Cookies de an\u00e1lisis;<\/u> permiten medir y analizar estad\u00edsticamente el uso que se hace del servicio prestado.<\/li>\n<\/ul>\n<p>Cookies usadas por <strong>el Servicio<\/strong>:<\/p>\n<p>&nbsp;<\/p>\n<table style=\"height: 437px;\" width=\"1250\">\n<tbody>\n<tr>\n<td width=\"152\"><strong>Nombre<\/strong><\/td>\n<td width=\"100\"><strong>Origen<\/strong><\/td>\n<td width=\"184\"><strong>Finalidad<\/strong><\/td>\n<td width=\"67\"><strong>Tipo<\/strong><\/td>\n<td width=\"91\"><strong>Caducidad<\/strong><\/td>\n<\/tr>\n<tr>\n<td width=\"152\">_ga<\/td>\n<td width=\"100\">\u00a0Google Analytics<\/td>\n<td width=\"184\">\u00a0Comportamientos de navegaci\u00f3n y permiten elaborar estad\u00edsticas de tr\u00e1fico<\/td>\n<td width=\"67\">\u00a0Cookie de terceros<\/td>\n<td width=\"91\">\u00a02 a\u00f1os<\/td>\n<\/tr>\n<tr>\n<td width=\"152\">_gat<\/td>\n<td width=\"100\">\u00a0Google Analytics<\/td>\n<td width=\"184\">\u00a0Comportamientos de navegaci\u00f3n y permiten elaborar estad\u00edsticas de tr\u00e1fico<\/td>\n<td width=\"67\">\u00a0Cookie de terceros<\/td>\n<td width=\"91\">\u00a02 minutos<\/td>\n<\/tr>\n<tr>\n<td width=\"152\">_gid<\/td>\n<td width=\"100\">\u00a0Google Analytics<\/td>\n<td width=\"184\">\u00a0Se usa para distinguir a los usuarios.<\/td>\n<td width=\"67\">\u00a0Cookie de terceros<\/td>\n<td width=\"91\">\u00a024 horas<\/td>\n<\/tr>\n<tr>\n<td width=\"152\">_icl_current_admin_language<\/td>\n<td width=\"100\">\u00a0Wordpress<\/td>\n<td width=\"184\">Nos permite identificar el idioma del usuario a fin de mostrarle la p\u00e1gina web en el idioma correcto.<\/td>\n<td width=\"67\">\u00a0Cookie de terceros<\/td>\n<td width=\"91\">\u00a024 horas<\/td>\n<\/tr>\n<tr>\n<td width=\"152\">_icl_current_language<\/td>\n<td width=\"100\">\u00a0Wordpress<\/td>\n<td width=\"184\">Nos permite identificar el idioma del usuario a fin de mostrarle la p\u00e1gina web en el idioma correcto.<\/td>\n<td width=\"67\">\u00a0Cookie de terceros<\/td>\n<td width=\"91\">\u00a024 horas<\/td>\n<\/tr>\n<tr>\n<td width=\"152\">_icl_visitor_lang_js<\/td>\n<td width=\"100\">\u00a0Wordpress<\/td>\n<td width=\"184\">Nos permite identificar el idioma del usuario a fin de mostrarle la p\u00e1gina web en el idioma correcto.<\/td>\n<td width=\"67\">\u00a0Cookie de terceros<\/td>\n<td width=\"91\">\u00a024 horas<\/td>\n<\/tr>\n<tr>\n<td width=\"152\">\u00a0wordpress_ead<\/td>\n<td width=\"100\">\u00a0Wordpress<\/td>\n<td width=\"184\">\u00a0EAD conector<\/td>\n<td width=\"67\">\u00a0Cookie de terceros<\/td>\n<td width=\"91\">\u00a02 semanas<\/td>\n<\/tr>\n<tr>\n<td width=\"152\">\u00a0wordpress_logged_in_ead<\/td>\n<td width=\"100\">\u00a0Wordpress<\/td>\n<td width=\"184\">\u00a0EAD loggin<\/td>\n<td width=\"67\">\u00a0Cookie de terceros<\/td>\n<td width=\"91\">\u00a02 semanas<\/td>\n<\/tr>\n<tr>\n<td width=\"152\">\u00a0wp-settings-1<\/td>\n<td width=\"100\">\u00a0Wordpress<\/td>\n<td width=\"184\">\u00a0Esto se utiliza para personalizar su vista de la interfaz de administraci\u00f3n, y posiblemente tambi\u00e9n la interfaz principal del sitio.<\/td>\n<td width=\"67\">\u00a0Cookie propia<\/td>\n<td width=\"91\">\u00a01 a\u00f1o<\/td>\n<\/tr>\n<tr>\n<td width=\"152\">\u00a0wp-settings-time<\/td>\n<td width=\"100\">\u00a0Wordpress<\/td>\n<td width=\"184\">\u00a0Esto se utiliza para personalizar su vista de la interfaz de administraci\u00f3n, y posiblemente tambi\u00e9n la interfaz principal del sitio.<\/td>\n<td width=\"67\">\u00a0Cookie propia<\/td>\n<td width=\"91\">\u00a01 a\u00f1o<\/td>\n<\/tr>\n<tr>\n<td width=\"152\">\u00a0wpml_browser_redirect_test<\/td>\n<td width=\"100\">\u00a0WPML<\/td>\n<td width=\"184\">\u00a0Nos permite identificar el idioma del usuario a fin de mostrarle la p\u00e1gina web en el idioma correcto.<\/td>\n<td width=\"67\">\u00a0Cookie de terceros<\/td>\n<td width=\"91\">\u00a0Finalizar sesion<\/td>\n<\/tr>\n<tr>\n<td width=\"152\">\u00a0viewed_cookie_policy<\/td>\n<td width=\"100\">\u00a0Wordpress<\/td>\n<td width=\"184\">\u00a0Cookies de uso interno necesaria para el funcionamiento de la\u00a0visualizaci\u00f3n\u00a0de la pol\u00edtica de cookies de la web.<\/td>\n<td width=\"67\">\u00a0Cookie de terceros<\/td>\n<td width=\"91\">\u00a0Finalizar sesion<\/td>\n<\/tr>\n<\/tbody>\n<\/table>\n<p>&nbsp;<\/p>\n<p><strong>6.3.- C\u00f3mo configurar y desactivar las cookies<\/strong><\/p>\n<p>Puedes permitir, bloquear o eliminar las cookies instaladas en tu dispositivo desde tu navegador web. Si no permites la instalaci\u00f3n de cookies en tu dispositivo, puede que la experiencia de navegaci\u00f3n empeore. A continuaci\u00f3n puedes encontrar c\u00f3mo configurar las cookies en cada navegador:<\/p>\n<p>&#8211; <a href=\"http:\/\/windows.microsoft.com\/es-es\/windows-10\/edge-privacy-faq\">Edge<\/a><\/p>\n<p>&#8211; <a href=\"https:\/\/support.google.com\/chrome\/answer\/95647?hl=es\">Google Chrome<\/a><\/p>\n<p>&#8211; <a href=\"https:\/\/support.google.com\/chrome\/answer\/2392971?hl=es\">Google Android<\/a><\/p>\n<p>&#8211; <a href=\"http:\/\/windows.microsoft.com\/es-es\/windows-vista\/block-or-allow-cookies\">Internet Explorer 7 y 8<\/a><\/p>\n<p>&#8211; <a href=\"http:\/\/windows.microsoft.com\/es-es\/windows7\/how-to-manage-cookies-in-internet-explorer-9\">Internet Explorer 9<\/a><\/p>\n<p>&#8211; <a href=\"http:\/\/windows.microsoft.com\/es-es\/internet-explorer\/delete-manage-cookies#ie=ie-10\">Internet Explorer 10<\/a><\/p>\n<p>&#8211; <a href=\"http:\/\/windows.microsoft.com\/es-es\/internet-explorer\/delete-manage-cookies#ie=ie-11\">Internet Explorer 11<\/a><\/p>\n<p>&#8211; <a href=\"https:\/\/support.mozilla.org\/es\/kb\/habilitar-y-deshabilitar-cookies-que-los-sitios-we\">Mozilla Firefox<\/a><\/p>\n<p>&#8211; <a href=\"http:\/\/help.opera.com\/Linux\/10.60\/es-ES\/cookies.html\">Opera<\/a><\/p>\n<p>&#8211; <a href=\"https:\/\/support.apple.com\/kb\/PH19214?viewlocale=es_ES&amp;locale=es_ES\">Safari<\/a><\/p>\n<p>&#8211; <a href=\"https:\/\/support.apple.com\/es-es\/HT201265\">Safari Mobile<\/a><\/p>\n<p><strong>7.- Medidas de seguridad<\/strong><\/p>\n<p>El Servicio adopta todas las medidas t\u00e9cnicas y organizativas necesarias para proteger la seguridad e integridad de la informaci\u00f3n personal y no personal recopilada. Tanto frente a accesos no autorizados como su alteraci\u00f3n, p\u00e9rdida o destrucci\u00f3n accidentales.<\/p>\n<p>En todo caso, el Servicio no puede garantizar la seguridad absoluta de la informaci\u00f3n recopilada, por lo que debes colaborar y utilizar en todo momento el sentido com\u00fan sobre la informaci\u00f3n compartida.<\/p>\n<p>Entiendes y reconoces que, incluso despu\u00e9s de su eliminaci\u00f3n, la informaci\u00f3n personal y no personal puede permanecer visible en cach\u00e9 o si otros usuarios la han copiado o almacenado.<\/p>\n<p><strong>8.- Cambios en la Pol\u00edtica de Privacidad y Cookies<\/strong><\/p>\n<p>Podremos actualizar esta Pol\u00edtica de Privacidad y Cookies en el futuro. Te informaremos sobre sus cambios enviando un aviso a la direcci\u00f3n de correo electr\u00f3nico facilitada y\/o colocando un aviso en un lugar prominente de nuestra web.<\/p>\n<p><strong>9.- Contacto<\/strong><\/p>\n<p>Si tienes dudas sobre esta Pol\u00edtica de Privacidad y Cookies, contacta con nosotros en:<\/p>\n<p>E-mail: <a href=\"mailto:info@ongmisol.org\">info@ongmisol.org<\/a><\/p>\n<p>Direcci\u00f3n: C\/ Del N\u00e9ctar, 18 \u2013 28022 Madrid, Espa\u00f1a.<\/p>\n","protected":false},"excerpt":{"rendered":"<p>1.- Titularidad y descripci\u00f3n 1.1.- Titularidad Este sitio es propiedad y est\u00e1 operado por Asociaci\u00f3n Misericordia y Solidadridad (MISOL), con domicilio social en C\/ Del N\u00e9ctar, 18 \u2013 28022 Madrid, Espa\u00f1a. NIF: G-86306016 Correo electr\u00f3nico: \u00a0info@ongmisol.org 1.2.- Descripci\u00f3n Esta Pol\u00edtica de Privacidad y Cookies regula la recopilaci\u00f3n, tratamiento y uso de tu informaci\u00f3n personal y [&hellip;]<\/p>\n","protected":false},"author":4,"featured_media":0,"parent":0,"menu_order":0,"comment_status":"closed","ping_status":"closed","template":"","meta":{"_acf_changed":false,"_genesis_hide_title":false,"_genesis_hide_breadcrumbs":false,"_genesis_hide_singular_image":false,"_genesis_hide_footer_widgets":false,"_genesis_custom_body_class":"","_genesis_custom_post_class":"","_genesis_layout":"content-sidebar","footnotes":""},"class_list":{"0":"post-259","1":"page","2":"type-page","3":"status-publish","5":"entry"},"acf":[],"_links":{"self":[{"href":"https:\/\/www.misolfranciscanas.org\/ca\/wp-json\/wp\/v2\/pages\/259\/"}],"collection":[{"href":"https:\/\/www.misolfranciscanas.org\/ca\/wp-json\/wp\/v2\/pages\/"}],"about":[{"href":"https:\/\/www.misolfranciscanas.org\/ca\/wp-json\/wp\/v2\/types\/page\/"}],"author":[{"embeddable":true,"href":"https:\/\/www.misolfranciscanas.org\/ca\/wp-json\/wp\/v2\/users\/4\/"}],"replies":[{"embeddable":true,"href":"https:\/\/www.misolfranciscanas.org\/ca\/wp-json\/wp\/v2\/comments\/?post=259"}],"version-history":[{"count":0,"href":"https:\/\/www.misolfranciscanas.org\/ca\/wp-json\/wp\/v2\/pages\/259\/revisions\/"}],"wp:attachment":[{"href":"https:\/\/www.misolfranciscanas.org\/ca\/wp-json\/wp\/v2\/media\/?parent=259"}],"curies":[{"name":"wp","href":"https:\/\/api.w.org\/{rel}","templated":true}]}}